{"id":15,"date":"2023-08-27T17:34:24","date_gmt":"2023-08-27T15:34:24","guid":{"rendered":"https:\/\/sylvainbiega.fr\/lyon\/?page_id=15"},"modified":"2023-08-27T22:00:24","modified_gmt":"2023-08-27T20:00:24","slug":"accueil","status":"publish","type":"page","link":"https:\/\/sylvainbiega.fr\/lyon\/","title":{"rendered":"Accueil"},"content":{"rendered":"\n<div class=\"wp-block-uagb-advanced-heading uagb-block-f960da6a\"><h2 class=\"uagb-heading-text\"><strong>Histoire de la ville de Lyon<\/strong><\/h2><\/div>\n\n\n\n<div class=\"wp-block-cover is-light\"><span aria-hidden=\"true\" class=\"wp-block-cover__background has-background-dim\"><\/span><img decoding=\"async\" loading=\"lazy\" width=\"1010\" height=\"631\" class=\"wp-block-cover__image-background wp-image-116\" alt=\"\" src=\"https:\/\/sylvainbiega.fr\/lyon\/wp-content\/uploads\/2023\/08\/1024px-ONLY_LYON_Place_Bellecour-edited.jpg\" style=\"object-position:68% 89%\" data-object-fit=\"cover\" data-object-position=\"68% 89%\" srcset=\"https:\/\/sylvainbiega.fr\/lyon\/wp-content\/uploads\/2023\/08\/1024px-ONLY_LYON_Place_Bellecour-edited.jpg 1010w, https:\/\/sylvainbiega.fr\/lyon\/wp-content\/uploads\/2023\/08\/1024px-ONLY_LYON_Place_Bellecour-edited-600x375.jpg 600w, https:\/\/sylvainbiega.fr\/lyon\/wp-content\/uploads\/2023\/08\/1024px-ONLY_LYON_Place_Bellecour-edited-300x187.jpg 300w, https:\/\/sylvainbiega.fr\/lyon\/wp-content\/uploads\/2023\/08\/1024px-ONLY_LYON_Place_Bellecour-edited-768x480.jpg 768w\" sizes=\"(max-width: 1010px) 100vw, 1010px\" \/><div class=\"wp-block-cover__inner-container is-layout-constrained wp-block-cover-is-layout-constrained\">\n<p class=\"has-text-align-center has-large-font-size\"><\/p>\n<\/div><\/div>\n\n\n\n<div class=\"wp-block-uagb-container uagb-block-255532e6 alignfull uagb-is-root-container\"><div class=\"uagb-container-inner-blocks-wrap\">\n<div class=\"wp-block-cover is-light\"><span aria-hidden=\"true\" class=\"wp-block-cover__background has-background-dim\"><\/span><img decoding=\"async\" loading=\"lazy\" width=\"1024\" height=\"743\" class=\"wp-block-cover__image-background wp-image-54\" alt=\"\" src=\"https:\/\/sylvainbiega.fr\/lyon\/wp-content\/uploads\/2023\/08\/72952e282e6454a26ad254b8e659459f-1024x743.jpg\" data-object-fit=\"cover\" srcset=\"https:\/\/sylvainbiega.fr\/lyon\/wp-content\/uploads\/2023\/08\/72952e282e6454a26ad254b8e659459f-1024x743.jpg 1024w, https:\/\/sylvainbiega.fr\/lyon\/wp-content\/uploads\/2023\/08\/72952e282e6454a26ad254b8e659459f-600x435.jpg 600w, https:\/\/sylvainbiega.fr\/lyon\/wp-content\/uploads\/2023\/08\/72952e282e6454a26ad254b8e659459f-300x218.jpg 300w, https:\/\/sylvainbiega.fr\/lyon\/wp-content\/uploads\/2023\/08\/72952e282e6454a26ad254b8e659459f-768x557.jpg 768w, https:\/\/sylvainbiega.fr\/lyon\/wp-content\/uploads\/2023\/08\/72952e282e6454a26ad254b8e659459f.jpg 1412w\" sizes=\"(max-width: 1024px) 100vw, 1024px\" \/><div class=\"wp-block-cover__inner-container is-layout-flow wp-block-cover-is-layout-flow\">\n<h3 class=\"wp-block-heading has-text-align-center has-white-color has-text-color has-large-font-size\"><strong>Fond\u00e9e \u00e0 l&#8217;\u00e9poque romaine<\/strong><\/h3>\n\n\n\n<p class=\"has-text-align-center has-white-color has-text-color has-medium-font-size\"><strong>Lyon, autrefois appel\u00e9e Lugdunum, a une histoire ancienne qui remonte \u00e0 l&#8217;\u00e9poque romaine. En l&#8217;an 43 av. J.-C., le g\u00e9n\u00e9ral romain Munatius Plancus fonda la ville et en fit la capitale des Gaules. Son emplacement strat\u00e9gique en fit rapidement un centre d&#8217;\u00e9changes et d&#8217;administration majeur dans la r\u00e9gion.<\/strong><\/p>\n<\/div><\/div>\n<\/div><\/div>\n","protected":false},"excerpt":{"rendered":"<p>Histoire de la ville de Lyon<\/p>\n","protected":false},"author":1,"featured_media":0,"parent":0,"menu_order":0,"comment_status":"closed","ping_status":"closed","template":"","meta":{"_uag_custom_page_level_css":"","footnotes":""},"uagb_featured_image_src":{"full":false,"thumbnail":false,"medium":false,"medium_large":false,"large":false,"1536x1536":false,"2048x2048":false,"art-gallery-museum-homepage-thumb":false,"woocommerce_thumbnail":false,"woocommerce_single":false,"woocommerce_gallery_thumbnail":false},"uagb_author_info":{"display_name":"sylvainbiega","author_link":"https:\/\/sylvainbiega.fr\/lyon\/index.php\/author\/sylvainbiega\/"},"uagb_comment_info":0,"uagb_excerpt":"Histoire de la ville de Lyon","_links":{"self":[{"href":"https:\/\/sylvainbiega.fr\/lyon\/index.php\/wp-json\/wp\/v2\/pages\/15"}],"collection":[{"href":"https:\/\/sylvainbiega.fr\/lyon\/index.php\/wp-json\/wp\/v2\/pages"}],"about":[{"href":"https:\/\/sylvainbiega.fr\/lyon\/index.php\/wp-json\/wp\/v2\/types\/page"}],"author":[{"embeddable":true,"href":"https:\/\/sylvainbiega.fr\/lyon\/index.php\/wp-json\/wp\/v2\/users\/1"}],"replies":[{"embeddable":true,"href":"https:\/\/sylvainbiega.fr\/lyon\/index.php\/wp-json\/wp\/v2\/comments?post=15"}],"version-history":[{"count":11,"href":"https:\/\/sylvainbiega.fr\/lyon\/index.php\/wp-json\/wp\/v2\/pages\/15\/revisions"}],"predecessor-version":[{"id":231,"href":"https:\/\/sylvainbiega.fr\/lyon\/index.php\/wp-json\/wp\/v2\/pages\/15\/revisions\/231"}],"wp:attachment":[{"href":"https:\/\/sylvainbiega.fr\/lyon\/index.php\/wp-json\/wp\/v2\/media?parent=15"}],"curies":[{"name":"wp","href":"https:\/\/api.w.org\/{rel}","templated":true}]}}