{"id":16,"date":"2023-08-27T17:34:24","date_gmt":"2023-08-27T15:34:24","guid":{"rendered":"https:\/\/sylvainbiega.fr\/lyon\/?page_id=16"},"modified":"2023-08-28T12:16:46","modified_gmt":"2023-08-28T10:16:46","slug":"antiquite","status":"publish","type":"page","link":"https:\/\/sylvainbiega.fr\/lyon\/index.php\/antiquite\/","title":{"rendered":"Antiquit\u00e9"},"content":{"rendered":"\n<div class=\"wp-block-cover is-light\"><span aria-hidden=\"true\" class=\"wp-block-cover__background has-background-dim\"><\/span><img decoding=\"async\" loading=\"lazy\" width=\"1024\" height=\"683\" class=\"wp-block-cover__image-background wp-image-59\" alt=\"\" src=\"https:\/\/sylvainbiega.fr\/lyon\/wp-content\/uploads\/2023\/08\/adobestock_108571011-1024x683.jpeg\" data-object-fit=\"cover\" srcset=\"https:\/\/sylvainbiega.fr\/lyon\/wp-content\/uploads\/2023\/08\/adobestock_108571011-1024x683.jpeg 1024w, https:\/\/sylvainbiega.fr\/lyon\/wp-content\/uploads\/2023\/08\/adobestock_108571011-scaled-600x400.jpeg 600w, https:\/\/sylvainbiega.fr\/lyon\/wp-content\/uploads\/2023\/08\/adobestock_108571011-300x200.jpeg 300w, https:\/\/sylvainbiega.fr\/lyon\/wp-content\/uploads\/2023\/08\/adobestock_108571011-768x512.jpeg 768w, https:\/\/sylvainbiega.fr\/lyon\/wp-content\/uploads\/2023\/08\/adobestock_108571011-1536x1024.jpeg 1536w, https:\/\/sylvainbiega.fr\/lyon\/wp-content\/uploads\/2023\/08\/adobestock_108571011-2048x1366.jpeg 2048w\" sizes=\"(max-width: 1024px) 100vw, 1024px\" \/><div class=\"wp-block-cover__inner-container is-layout-flow wp-block-cover-is-layout-flow\">\n<h3 class=\"wp-block-heading has-text-align-center has-white-color has-text-color has-large-font-size\"><strong>Importante ville romaine<\/strong><\/h3>\n\n\n\n<p class=\"has-text-align-center has-white-color has-text-color has-medium-font-size\"><strong>Durant l&#8217;Antiquit\u00e9, Lyon devint une ville romaine prosp\u00e8re et influente. Elle \u00e9tait travers\u00e9e par des voies commerciales importantes reliant le nord de l&#8217;Europe au sud de la France. La ville fut \u00e9galement le th\u00e9\u00e2tre de nombreux \u00e9v\u00e9nements culturels et religieux, avec la construction de magnifiques \u00e9difices tels que les th\u00e9\u00e2tres romains et les temples.<\/strong><\/p>\n<\/div><\/div>\n","protected":false},"excerpt":{"rendered":"","protected":false},"author":1,"featured_media":0,"parent":0,"menu_order":0,"comment_status":"closed","ping_status":"closed","template":"","meta":{"_uag_custom_page_level_css":"","footnotes":""},"uagb_featured_image_src":{"full":false,"thumbnail":false,"medium":false,"medium_large":false,"large":false,"1536x1536":false,"2048x2048":false,"art-gallery-museum-homepage-thumb":false,"woocommerce_thumbnail":false,"woocommerce_single":false,"woocommerce_gallery_thumbnail":false},"uagb_author_info":{"display_name":"sylvainbiega","author_link":"https:\/\/sylvainbiega.fr\/lyon\/index.php\/author\/sylvainbiega\/"},"uagb_comment_info":0,"uagb_excerpt":null,"_links":{"self":[{"href":"https:\/\/sylvainbiega.fr\/lyon\/index.php\/wp-json\/wp\/v2\/pages\/16"}],"collection":[{"href":"https:\/\/sylvainbiega.fr\/lyon\/index.php\/wp-json\/wp\/v2\/pages"}],"about":[{"href":"https:\/\/sylvainbiega.fr\/lyon\/index.php\/wp-json\/wp\/v2\/types\/page"}],"author":[{"embeddable":true,"href":"https:\/\/sylvainbiega.fr\/lyon\/index.php\/wp-json\/wp\/v2\/users\/1"}],"replies":[{"embeddable":true,"href":"https:\/\/sylvainbiega.fr\/lyon\/index.php\/wp-json\/wp\/v2\/comments?post=16"}],"version-history":[{"count":3,"href":"https:\/\/sylvainbiega.fr\/lyon\/index.php\/wp-json\/wp\/v2\/pages\/16\/revisions"}],"predecessor-version":[{"id":229,"href":"https:\/\/sylvainbiega.fr\/lyon\/index.php\/wp-json\/wp\/v2\/pages\/16\/revisions\/229"}],"wp:attachment":[{"href":"https:\/\/sylvainbiega.fr\/lyon\/index.php\/wp-json\/wp\/v2\/media?parent=16"}],"curies":[{"name":"wp","href":"https:\/\/api.w.org\/{rel}","templated":true}]}}