{"id":17,"date":"2023-08-27T17:34:24","date_gmt":"2023-08-27T15:34:24","guid":{"rendered":"https:\/\/sylvainbiega.fr\/lyon\/?page_id=17"},"modified":"2023-08-28T12:17:50","modified_gmt":"2023-08-28T10:17:50","slug":"periode-medieviale","status":"publish","type":"page","link":"https:\/\/sylvainbiega.fr\/lyon\/index.php\/periode-medieviale\/","title":{"rendered":"Moyen-Age"},"content":{"rendered":"\n<div class=\"wp-block-cover is-light\"><span aria-hidden=\"true\" class=\"wp-block-cover__background has-background-dim\"><\/span><img decoding=\"async\" loading=\"lazy\" width=\"1024\" height=\"683\" class=\"wp-block-cover__image-background wp-image-93\" alt=\"\" src=\"https:\/\/sylvainbiega.fr\/lyon\/wp-content\/uploads\/2023\/08\/R-5.jpg\" data-object-fit=\"cover\" srcset=\"https:\/\/sylvainbiega.fr\/lyon\/wp-content\/uploads\/2023\/08\/R-5.jpg 1024w, https:\/\/sylvainbiega.fr\/lyon\/wp-content\/uploads\/2023\/08\/R-5-600x400.jpg 600w, https:\/\/sylvainbiega.fr\/lyon\/wp-content\/uploads\/2023\/08\/R-5-300x200.jpg 300w, https:\/\/sylvainbiega.fr\/lyon\/wp-content\/uploads\/2023\/08\/R-5-768x512.jpg 768w\" sizes=\"(max-width: 1024px) 100vw, 1024px\" \/><div class=\"wp-block-cover__inner-container is-layout-flow wp-block-cover-is-layout-flow\">\n<h3 class=\"wp-block-heading has-text-align-center has-white-color has-text-color has-large-font-size\"><strong>P\u00e9riode m\u00e9di\u00e9vale<\/strong><\/h3>\n\n\n\n<p class=\"has-text-align-center has-white-color has-text-color has-medium-font-size\"><strong>Au Moyen \u00c2ge, Lyon continua \u00e0 jouer un r\u00f4le central dans le commerce et l&#8217;industrie. Sa position sur les routes commerciales lui permit de devenir un centre \u00e9conomique florissant. La ville se d\u00e9veloppa \u00e9galement en tant que centre religieux avec l&#8217;\u00e9rection de cath\u00e9drales et d&#8217;\u00e9glises, t\u00e9moins de son importance spirituelle.<\/strong><\/p>\n<\/div><\/div>\n","protected":false},"excerpt":{"rendered":"","protected":false},"author":1,"featured_media":0,"parent":0,"menu_order":0,"comment_status":"closed","ping_status":"closed","template":"","meta":{"_uag_custom_page_level_css":"","footnotes":""},"uagb_featured_image_src":{"full":false,"thumbnail":false,"medium":false,"medium_large":false,"large":false,"1536x1536":false,"2048x2048":false,"art-gallery-museum-homepage-thumb":false,"woocommerce_thumbnail":false,"woocommerce_single":false,"woocommerce_gallery_thumbnail":false},"uagb_author_info":{"display_name":"sylvainbiega","author_link":"https:\/\/sylvainbiega.fr\/lyon\/index.php\/author\/sylvainbiega\/"},"uagb_comment_info":0,"uagb_excerpt":null,"_links":{"self":[{"href":"https:\/\/sylvainbiega.fr\/lyon\/index.php\/wp-json\/wp\/v2\/pages\/17"}],"collection":[{"href":"https:\/\/sylvainbiega.fr\/lyon\/index.php\/wp-json\/wp\/v2\/pages"}],"about":[{"href":"https:\/\/sylvainbiega.fr\/lyon\/index.php\/wp-json\/wp\/v2\/types\/page"}],"author":[{"embeddable":true,"href":"https:\/\/sylvainbiega.fr\/lyon\/index.php\/wp-json\/wp\/v2\/users\/1"}],"replies":[{"embeddable":true,"href":"https:\/\/sylvainbiega.fr\/lyon\/index.php\/wp-json\/wp\/v2\/comments?post=17"}],"version-history":[{"count":3,"href":"https:\/\/sylvainbiega.fr\/lyon\/index.php\/wp-json\/wp\/v2\/pages\/17\/revisions"}],"predecessor-version":[{"id":135,"href":"https:\/\/sylvainbiega.fr\/lyon\/index.php\/wp-json\/wp\/v2\/pages\/17\/revisions\/135"}],"wp:attachment":[{"href":"https:\/\/sylvainbiega.fr\/lyon\/index.php\/wp-json\/wp\/v2\/media?parent=17"}],"curies":[{"name":"wp","href":"https:\/\/api.w.org\/{rel}","templated":true}]}}