{"id":18,"date":"2023-08-27T17:34:24","date_gmt":"2023-08-27T15:34:24","guid":{"rendered":"https:\/\/sylvainbiega.fr\/lyon\/?page_id=18"},"modified":"2023-08-28T12:18:22","modified_gmt":"2023-08-28T10:18:22","slug":"renaissance-et-soie","status":"publish","type":"page","link":"https:\/\/sylvainbiega.fr\/lyon\/index.php\/renaissance-et-soie\/","title":{"rendered":"Renaissance et soie"},"content":{"rendered":"\n<div class=\"wp-block-cover\"><span aria-hidden=\"true\" class=\"wp-block-cover__background has-background-dim\"><\/span><img decoding=\"async\" loading=\"lazy\" width=\"1024\" height=\"683\" class=\"wp-block-cover__image-background wp-image-107\" alt=\"\" src=\"https:\/\/sylvainbiega.fr\/lyon\/wp-content\/uploads\/2023\/08\/vieux-lyon2.jpg\" style=\"object-position:63% 76%\" data-object-fit=\"cover\" data-object-position=\"63% 76%\" srcset=\"https:\/\/sylvainbiega.fr\/lyon\/wp-content\/uploads\/2023\/08\/vieux-lyon2.jpg 1024w, https:\/\/sylvainbiega.fr\/lyon\/wp-content\/uploads\/2023\/08\/vieux-lyon2-600x400.jpg 600w, https:\/\/sylvainbiega.fr\/lyon\/wp-content\/uploads\/2023\/08\/vieux-lyon2-300x200.jpg 300w, https:\/\/sylvainbiega.fr\/lyon\/wp-content\/uploads\/2023\/08\/vieux-lyon2-768x512.jpg 768w\" sizes=\"(max-width: 1024px) 100vw, 1024px\" \/><div class=\"wp-block-cover__inner-container is-layout-flow wp-block-cover-is-layout-flow\">\n<p class=\"has-text-align-center has-large-font-size\"><strong>Renaissance et soie<\/strong><\/p>\n\n\n\n<p class=\"has-text-align-center has-medium-font-size\"><strong>La p\u00e9riode de la Renaissance fut marqu\u00e9e par l&#8217;essor de la production de soie \u00e0 Lyon. La ville devint c\u00e9l\u00e8bre pour son industrie textile florissante, attirant des marchands et des artisans du monde entier. C&#8217;est \u00e0 cette \u00e9poque que la F\u00eate des Lumi\u00e8res, l&#8217;une des c\u00e9l\u00e9brations les plus embl\u00e9matiques de Lyon, trouva ses origines.<\/strong><\/p>\n<\/div><\/div>\n","protected":false},"excerpt":{"rendered":"","protected":false},"author":1,"featured_media":0,"parent":0,"menu_order":0,"comment_status":"closed","ping_status":"closed","template":"","meta":{"_uag_custom_page_level_css":"","footnotes":""},"uagb_featured_image_src":{"full":false,"thumbnail":false,"medium":false,"medium_large":false,"large":false,"1536x1536":false,"2048x2048":false,"art-gallery-museum-homepage-thumb":false,"woocommerce_thumbnail":false,"woocommerce_single":false,"woocommerce_gallery_thumbnail":false},"uagb_author_info":{"display_name":"sylvainbiega","author_link":"https:\/\/sylvainbiega.fr\/lyon\/index.php\/author\/sylvainbiega\/"},"uagb_comment_info":0,"uagb_excerpt":null,"_links":{"self":[{"href":"https:\/\/sylvainbiega.fr\/lyon\/index.php\/wp-json\/wp\/v2\/pages\/18"}],"collection":[{"href":"https:\/\/sylvainbiega.fr\/lyon\/index.php\/wp-json\/wp\/v2\/pages"}],"about":[{"href":"https:\/\/sylvainbiega.fr\/lyon\/index.php\/wp-json\/wp\/v2\/types\/page"}],"author":[{"embeddable":true,"href":"https:\/\/sylvainbiega.fr\/lyon\/index.php\/wp-json\/wp\/v2\/users\/1"}],"replies":[{"embeddable":true,"href":"https:\/\/sylvainbiega.fr\/lyon\/index.php\/wp-json\/wp\/v2\/comments?post=18"}],"version-history":[{"count":4,"href":"https:\/\/sylvainbiega.fr\/lyon\/index.php\/wp-json\/wp\/v2\/pages\/18\/revisions"}],"predecessor-version":[{"id":140,"href":"https:\/\/sylvainbiega.fr\/lyon\/index.php\/wp-json\/wp\/v2\/pages\/18\/revisions\/140"}],"wp:attachment":[{"href":"https:\/\/sylvainbiega.fr\/lyon\/index.php\/wp-json\/wp\/v2\/media?parent=18"}],"curies":[{"name":"wp","href":"https:\/\/api.w.org\/{rel}","templated":true}]}}