{"id":23,"date":"2023-08-27T17:34:24","date_gmt":"2023-08-27T15:34:24","guid":{"rendered":"https:\/\/sylvainbiega.fr\/lyon\/?page_id=23"},"modified":"2023-08-28T12:18:01","modified_gmt":"2023-08-28T10:18:01","slug":"musees-importants-de-lyon-sur-le-sujet","status":"publish","type":"page","link":"https:\/\/sylvainbiega.fr\/lyon\/index.php\/musees-importants-de-lyon-sur-le-sujet\/","title":{"rendered":"Mus\u00e9es importants de Lyon sur le sujet"},"content":{"rendered":"\n<div class=\"wp-block-cover is-light\"><span aria-hidden=\"true\" class=\"wp-block-cover__background has-background-dim\"><\/span><img decoding=\"async\" loading=\"lazy\" width=\"1024\" height=\"632\" class=\"wp-block-cover__image-background wp-image-61\" alt=\"\" src=\"https:\/\/sylvainbiega.fr\/lyon\/wp-content\/uploads\/2023\/08\/background-home-1024x632.jpg\" data-object-fit=\"cover\" srcset=\"https:\/\/sylvainbiega.fr\/lyon\/wp-content\/uploads\/2023\/08\/background-home-1024x632.jpg 1024w, https:\/\/sylvainbiega.fr\/lyon\/wp-content\/uploads\/2023\/08\/background-home-600x371.jpg 600w, https:\/\/sylvainbiega.fr\/lyon\/wp-content\/uploads\/2023\/08\/background-home-300x185.jpg 300w, https:\/\/sylvainbiega.fr\/lyon\/wp-content\/uploads\/2023\/08\/background-home-768x474.jpg 768w, https:\/\/sylvainbiega.fr\/lyon\/wp-content\/uploads\/2023\/08\/background-home.jpg 1200w\" sizes=\"(max-width: 1024px) 100vw, 1024px\" \/><div class=\"wp-block-cover__inner-container is-layout-flow wp-block-cover-is-layout-flow\">\n<h2 class=\"wp-block-heading has-text-align-center has-white-color has-text-color has-large-font-size\"><strong>Mus\u00e9es importants de Lyon sur le sujet<\/strong><\/h2>\n\n\n\n<p class=\"has-text-align-center has-white-color has-text-color has-medium-font-size\"><strong>Mus\u00e9e Gallo-Romain de Lyon (Mus\u00e9e Lugdunum)<br>Site officiel : <a href=\"https:\/\/www.musees-gallo-romains.com\/\">https:\/\/www.musees-gallo-romains.com\/<\/a><\/strong><\/p>\n\n\n\n<p class=\"has-text-align-center has-white-color has-text-color has-medium-font-size\"><strong>Mus\u00e9e des Beaux-Arts de Lyon<br>Site officiel : <a href=\"https:\/\/www.mba-lyon.fr\/\">https:\/\/www.mba-lyon.fr\/<\/a><\/strong><\/p>\n\n\n\n<p class=\"has-text-align-center has-white-color has-text-color has-medium-font-size\"><strong>Mus\u00e9e Gadagne (Mus\u00e9e d&#8217;Histoire de Lyon et Mus\u00e9e des Marionnettes du Monde)<br>Site officiel : <a href=\"https:\/\/www.gadagne.musees.lyon.fr\/\">https:\/\/www.gadagne.musees.lyon.fr\/<\/a><\/strong><\/p>\n\n\n\n<p class=\"has-text-align-center has-white-color has-text-color has-medium-font-size\"><strong>Mus\u00e9e d&#8217;Histoire de Lyon (anciennement Mus\u00e9e de la R\u00e9sistance et de la D\u00e9portation)<br>Site officiel : <a href=\"https:\/\/www.musee-resistance.com\/\">https:\/\/www.musee-resistance.com\/<\/a><\/strong><\/p>\n\n\n\n<p class=\"has-text-align-center has-white-color has-text-color has-medium-font-size\"><strong>Mus\u00e9e de l&#8217;Imprimerie et de la Communication Graphique<br>Site officiel : <a href=\"http:\/\/www.imprimerie.lyon.fr\/\">http:\/\/www.imprimerie.lyon.fr\/<\/a><\/strong><\/p>\n\n\n\n<p class=\"has-text-align-center has-white-color has-text-color has-medium-font-size\"><strong>Institut Lumi\u00e8re<br>Site officiel : <a href=\"https:\/\/www.institut-lumiere.org\/\">https:\/\/www.institut-lumiere.org\/<\/a><\/strong><\/p>\n\n\n\n<p class=\"has-text-align-center has-white-color has-text-color has-medium-font-size\"><strong>Mus\u00e9e des Confluences<br>Site officiel : <a href=\"https:\/\/www.museedesconfluences.fr\/\">https:\/\/www.museedesconfluences.fr\/<\/a><\/strong><\/p>\n\n\n\n<p class=\"has-text-align-center has-white-color has-text-color has-medium-font-size\"><strong>Ces mus\u00e9es offrent une perspective fascinante sur l&#8217;histoire de Lyon et de ses habitants \u00e0 travers les \u00e2ges, allant de l&#8217;\u00e9poque romaine jusqu&#8217;\u00e0 l&#8217;\u00e9poque contemporaine. Vous pourrez y d\u00e9couvrir des collections vari\u00e9es, des expositions passionnantes et des t\u00e9moignages riches sur le patrimoine culturel de la ville. N&#8217;h\u00e9sitez pas \u00e0 visiter les sites web pour obtenir plus d&#8217;informations sur les horaires d&#8217;ouverture, les expositions temporaires et autres \u00e9v\u00e9nements sp\u00e9ciaux propos\u00e9s par ces mus\u00e9es.<\/strong><\/p>\n<\/div><\/div>\n","protected":false},"excerpt":{"rendered":"","protected":false},"author":1,"featured_media":0,"parent":0,"menu_order":0,"comment_status":"closed","ping_status":"closed","template":"","meta":{"_uag_custom_page_level_css":"","footnotes":""},"uagb_featured_image_src":{"full":false,"thumbnail":false,"medium":false,"medium_large":false,"large":false,"1536x1536":false,"2048x2048":false,"art-gallery-museum-homepage-thumb":false,"woocommerce_thumbnail":false,"woocommerce_single":false,"woocommerce_gallery_thumbnail":false},"uagb_author_info":{"display_name":"sylvainbiega","author_link":"https:\/\/sylvainbiega.fr\/lyon\/index.php\/author\/sylvainbiega\/"},"uagb_comment_info":0,"uagb_excerpt":null,"_links":{"self":[{"href":"https:\/\/sylvainbiega.fr\/lyon\/index.php\/wp-json\/wp\/v2\/pages\/23"}],"collection":[{"href":"https:\/\/sylvainbiega.fr\/lyon\/index.php\/wp-json\/wp\/v2\/pages"}],"about":[{"href":"https:\/\/sylvainbiega.fr\/lyon\/index.php\/wp-json\/wp\/v2\/types\/page"}],"author":[{"embeddable":true,"href":"https:\/\/sylvainbiega.fr\/lyon\/index.php\/wp-json\/wp\/v2\/users\/1"}],"replies":[{"embeddable":true,"href":"https:\/\/sylvainbiega.fr\/lyon\/index.php\/wp-json\/wp\/v2\/comments?post=23"}],"version-history":[{"count":9,"href":"https:\/\/sylvainbiega.fr\/lyon\/index.php\/wp-json\/wp\/v2\/pages\/23\/revisions"}],"predecessor-version":[{"id":245,"href":"https:\/\/sylvainbiega.fr\/lyon\/index.php\/wp-json\/wp\/v2\/pages\/23\/revisions\/245"}],"wp:attachment":[{"href":"https:\/\/sylvainbiega.fr\/lyon\/index.php\/wp-json\/wp\/v2\/media?parent=23"}],"curies":[{"name":"wp","href":"https:\/\/api.w.org\/{rel}","templated":true}]}}